{"id":3,"date":"2025-12-04T13:34:28","date_gmt":"2025-12-04T13:34:28","guid":{"rendered":"https:\/\/csgindustrie.be\/?page_id=3"},"modified":"2025-12-17T07:07:35","modified_gmt":"2025-12-17T07:07:35","slug":"privacy-policy","status":"publish","type":"page","link":"https:\/\/csgindustrie.be\/fr\/privacy-policy\/","title":{"rendered":"Privacy Policy"},"content":{"rendered":"<div data-elementor-type=\"wp-page\" data-elementor-id=\"3\" class=\"elementor elementor-3\" data-elementor-post-type=\"page\">\n\t\t\t\t\t\t<section class=\"elementor-section elementor-top-section elementor-element elementor-element-55f4566 elementor-section-height-min-height elementor-section-boxed elementor-section-height-default elementor-section-items-middle\" data-id=\"55f4566\" data-element_type=\"section\" data-settings=\"{&quot;background_background&quot;:&quot;classic&quot;}\">\n\t\t\t\t\t\t\t<div class=\"elementor-background-overlay\"><\/div>\n\t\t\t\t\t\t\t<div class=\"elementor-container elementor-column-gap-default\">\n\t\t\t\t\t<div class=\"elementor-column elementor-col-100 elementor-top-column elementor-element elementor-element-5b0de3a\" data-id=\"5b0de3a\" data-element_type=\"column\">\n\t\t\t<div class=\"elementor-widget-wrap elementor-element-populated\">\n\t\t\t\t\t\t<div class=\"elementor-element elementor-element-f50e7df elementor-widget elementor-widget-heading\" data-id=\"f50e7df\" data-element_type=\"widget\" data-widget_type=\"heading.default\">\n\t\t\t\t\t<h1 class=\"elementor-heading-title elementor-size-default\">D\u00e9claration de confidentialit\u00e9<\/h1>\t\t\t\t<\/div>\n\t\t\t\t\t<\/div>\n\t\t<\/div>\n\t\t\t\t\t<\/div>\n\t\t<\/section>\n\t\t\t\t<section class=\"elementor-section elementor-top-section elementor-element elementor-element-19d1be9 elementor-section-boxed elementor-section-height-default elementor-section-height-default\" data-id=\"19d1be9\" data-element_type=\"section\">\n\t\t\t\t\t\t<div class=\"elementor-container elementor-column-gap-default\">\n\t\t\t\t\t<div class=\"elementor-column elementor-col-100 elementor-top-column elementor-element elementor-element-fefb418\" data-id=\"fefb418\" data-element_type=\"column\">\n\t\t\t<div class=\"elementor-widget-wrap elementor-element-populated\">\n\t\t\t\t\t\t<div class=\"elementor-element elementor-element-9172d35 elementor-widget elementor-widget-heading\" data-id=\"9172d35\" data-element_type=\"widget\" data-widget_type=\"heading.default\">\n\t\t\t\t\t<h2 class=\"elementor-heading-title elementor-size-default\">D\u00e9claration de confidentialit\u00e9 \u2013 CSGIndustrie.be<\/h2>\t\t\t\t<\/div>\n\t\t\t\t<div class=\"elementor-element elementor-element-4dacf9b elementor-widget elementor-widget-text-editor\" data-id=\"4dacf9b\" data-element_type=\"widget\" data-widget_type=\"text-editor.default\">\n\t\t\t\t\t\t\t\t\t<p><b>1. Qui sommes-nous ?<\/b><\/p><p>CSG Industrie respecte votre vie priv\u00e9e et traite vos donn\u00e9es conform\u00e9ment au R\u00e8glement G\u00e9n\u00e9ral sur la Protection des Donn\u00e9es (RGPD).<\/p><p><b>Coordonn\u00e9es :<\/b><br \/>CSG Industrie<br \/>Industrieweg Noord 1193<br \/>B-3660 Oudsbergen<br \/>+32 (0)89 30 70 76<\/p><p><b>2. Quelles donn\u00e9es traitons-nous ?<\/b><\/p><ul><li>Nom et pr\u00e9nom<\/li><li>Adresse e-mail<\/li><li>Num\u00e9ro de t\u00e9l\u00e9phone<\/li><li>Donn\u00e9es d\u2019adresse (le cas \u00e9ch\u00e9ant)<\/li><li>Adresse IP (via les cookies)<\/li><li>Donn\u00e9es \u00e9ventuellement transmises via les formulaires de contact<\/li><\/ul><p><b>3. Finalit\u00e9s du traitement<\/b><\/p><ul><li>Prendre contact suite \u00e0 votre demande<\/li><li>\u00c9tablir des offres ou ex\u00e9cuter des services<\/li><li>Gestion des clients et facturation<\/li><li>Am\u00e9lioration de notre site web via des outils d\u2019analyse<\/li><\/ul><p><b>4. Base juridique du traitement<\/b><\/p><ul><li>Votre consentement<\/li><li>N\u00e9cessit\u00e9 pour l\u2019ex\u00e9cution d\u2019un contrat<\/li><li>Obligations l\u00e9gales<\/li><li>Int\u00e9r\u00eat l\u00e9gitime<\/li><\/ul><p><b>5. Partage des donn\u00e9es \u00e0 caract\u00e8re personnel<\/b><\/p><p>Vos donn\u00e9es ne sont partag\u00e9es avec des tiers que si cela est n\u00e9cessaire \u00e0 la fourniture de nos services (tels que des comptables ou prestataires IT), et toujours avec des garanties de s\u00e9curit\u00e9 appropri\u00e9es.<\/p><p><b>6. Dur\u00e9e de conservation<\/b><\/p><ul><li>Donn\u00e9es clients et de facturation : 7 ans<\/li><li>Donn\u00e9es issues des formulaires de contact : maximum 1 an apr\u00e8s le traitement<\/li><\/ul><p><b>7. Vos droits<\/b><\/p><p>Vous disposez d\u2019un droit d\u2019acc\u00e8s, de rectification, d\u2019effacement, de portabilit\u00e9 et d\u2019opposition. Vous pouvez exercer ces droits via notre adresse de contact g\u00e9n\u00e9rale.<\/p><p><b>8. S\u00e9curit\u00e9<\/b><\/p><p>Nous prenons les mesures techniques et organisationnelles n\u00e9cessaires afin de garantir la s\u00e9curit\u00e9 de vos donn\u00e9es.<\/p><p><b>9. R\u00e9clamations<\/b><\/p><p>En cas de r\u00e9clamation, vous pouvez vous adresser \u00e0 l\u2019Autorit\u00e9 de protection des donn\u00e9es via\nhttps:\/\/www.autoriteprotectiondonnees.be\/citoyen <span style=\"text-decoration: underline;\"><span style=\"color: #000000; text-decoration: underline;\"><a style=\"color: #000000; text-decoration: underline;\" href=\"https:\/\/www.gegevensbeschermingsautoriteit.be\" target=\"_blank\" rel=\"noopener\">https:\/\/www.autoriteprotectiondonnees.be\/citoyen<\/a>.<\/span><\/span><\/p><p><b>10. Contact<\/b><\/p><p>CSG Industrie<br \/>Industrieweg Noord 1193, B-3660 Oudsbergen<br \/>+32 (0)89 30 70 76<\/p>\t\t\t\t\t\t\t\t<\/div>\n\t\t\t\t\t<\/div>\n\t\t<\/div>\n\t\t\t\t\t<\/div>\n\t\t<\/section>\n\t\t\t\t<\/div>","protected":false},"excerpt":{"rendered":"<p>PRIVACY POLICY Privacyverklaring \u2013 CSGIndustrie.be 1. Wie zijn wij? CSG Industrie respecteert uw privacy en verwerkt uw gegevens in overeenstemming met de Algemene Verordening Gegevensbescherming (AVG \/ GDPR). Contactgegevens:CSG IndustrieIndustrieweg Noord 1193B-3660 Oudsbergen+32 (0)89 30 70 76 2. Welke gegevens verwerken wij? Naam en voornaam E-mailadres Telefoonnummer Adresgegevens (indien opgegeven) IP-adres (via cookies) Eventuele gegevens [&hellip;]<\/p>","protected":false},"author":1,"featured_media":0,"parent":0,"menu_order":0,"comment_status":"closed","ping_status":"open","template":"elementor_header_footer","meta":{"_acf_changed":false,"footnotes":""},"class_list":["post-3","page","type-page","status-publish","hentry"],"acf":[],"_links":{"self":[{"href":"https:\/\/csgindustrie.be\/fr\/wp-json\/wp\/v2\/pages\/3","targetHints":{"allow":["GET"]}}],"collection":[{"href":"https:\/\/csgindustrie.be\/fr\/wp-json\/wp\/v2\/pages"}],"about":[{"href":"https:\/\/csgindustrie.be\/fr\/wp-json\/wp\/v2\/types\/page"}],"author":[{"embeddable":true,"href":"https:\/\/csgindustrie.be\/fr\/wp-json\/wp\/v2\/users\/1"}],"replies":[{"embeddable":true,"href":"https:\/\/csgindustrie.be\/fr\/wp-json\/wp\/v2\/comments?post=3"}],"version-history":[{"count":15,"href":"https:\/\/csgindustrie.be\/fr\/wp-json\/wp\/v2\/pages\/3\/revisions"}],"predecessor-version":[{"id":1026,"href":"https:\/\/csgindustrie.be\/fr\/wp-json\/wp\/v2\/pages\/3\/revisions\/1026"}],"wp:attachment":[{"href":"https:\/\/csgindustrie.be\/fr\/wp-json\/wp\/v2\/media?parent=3"}],"curies":[{"name":"wp","href":"https:\/\/api.w.org\/{rel}","templated":true}]}}