{"id":990,"date":"2025-12-17T06:42:00","date_gmt":"2025-12-17T06:42:00","guid":{"rendered":"https:\/\/csgindustrie.be\/?page_id=990"},"modified":"2025-12-17T07:10:35","modified_gmt":"2025-12-17T07:10:35","slug":"cookie-policy","status":"publish","type":"page","link":"https:\/\/csgindustrie.be\/fr\/cookie-policy\/","title":{"rendered":"Cookie Policy"},"content":{"rendered":"<div data-elementor-type=\"wp-page\" data-elementor-id=\"990\" class=\"elementor elementor-990\" data-elementor-post-type=\"page\">\n\t\t\t\t\t\t<section class=\"elementor-section elementor-top-section elementor-element elementor-element-55f4566 elementor-section-height-min-height elementor-section-boxed elementor-section-height-default elementor-section-items-middle\" data-id=\"55f4566\" data-element_type=\"section\" data-settings=\"{&quot;background_background&quot;:&quot;classic&quot;}\">\n\t\t\t\t\t\t\t<div class=\"elementor-background-overlay\"><\/div>\n\t\t\t\t\t\t\t<div class=\"elementor-container elementor-column-gap-default\">\n\t\t\t\t\t<div class=\"elementor-column elementor-col-100 elementor-top-column elementor-element elementor-element-5b0de3a\" data-id=\"5b0de3a\" data-element_type=\"column\">\n\t\t\t<div class=\"elementor-widget-wrap elementor-element-populated\">\n\t\t\t\t\t\t<div class=\"elementor-element elementor-element-f50e7df elementor-widget elementor-widget-heading\" data-id=\"f50e7df\" data-element_type=\"widget\" data-widget_type=\"heading.default\">\n\t\t\t\t\t<h1 class=\"elementor-heading-title elementor-size-default\">COOKIE POLICY<\/h1>\t\t\t\t<\/div>\n\t\t\t\t\t<\/div>\n\t\t<\/div>\n\t\t\t\t\t<\/div>\n\t\t<\/section>\n\t\t\t\t<section class=\"elementor-section elementor-top-section elementor-element elementor-element-19d1be9 elementor-section-boxed elementor-section-height-default elementor-section-height-default\" data-id=\"19d1be9\" data-element_type=\"section\">\n\t\t\t\t\t\t<div class=\"elementor-container elementor-column-gap-default\">\n\t\t\t\t\t<div class=\"elementor-column elementor-col-100 elementor-top-column elementor-element elementor-element-fefb418\" data-id=\"fefb418\" data-element_type=\"column\">\n\t\t\t<div class=\"elementor-widget-wrap elementor-element-populated\">\n\t\t\t\t\t\t<div class=\"elementor-element elementor-element-c053860 elementor-widget elementor-widget-heading\" data-id=\"c053860\" data-element_type=\"widget\" data-widget_type=\"heading.default\">\n\t\t\t\t\t<h2 class=\"elementor-heading-title elementor-size-default\">D\u00e9claration relative aux cookies\u2013 CSGIndustrie.be<\/h2>\t\t\t\t<\/div>\n\t\t\t\t<div class=\"elementor-element elementor-element-4dacf9b elementor-widget elementor-widget-text-editor\" data-id=\"4dacf9b\" data-element_type=\"widget\" data-widget_type=\"text-editor.default\">\n\t\t\t\t\t\t\t\t\t<p><b>1. Que sont les cookies ?<\/b><\/p>\n<p>Les cookies sont de petits fichiers texte d\u00e9pos\u00e9s sur votre appareil lorsque vous naviguez sur notre site web. Ils nous aident \u00e0 assurer le bon fonctionnement du site et \u00e0 am\u00e9liorer l\u2019exp\u00e9rience utilisateur.<\/p>\n<p><b>2. Quels cookies utilisons-nous ?<\/b><\/p>\n<p><b>Cookies n\u00e9cessaires<\/b><br>Ils garantissent les fonctionnalit\u00e9s de base du site, telles que la s\u00e9curit\u00e9 et le traitement des formulaires.<\/p>\n<p><b>Cookies fonctionnels<\/b><br>Ces cookies m\u00e9morisent les pr\u00e9f\u00e9rences des utilisateurs, comme le choix de la langue ou les champs compl\u00e9t\u00e9s dans les formulaires.<\/p>\n<p><b>Cookies analytiques<\/b><br>Nous utilisons Google Analytics ou des outils similaires afin de collecter des statistiques de fr\u00e9quentation anonymis\u00e9es.<\/p>\n<p><b>Cookies marketing<\/b><br>Nous n\u2019utilisons actuellement pas de cookies marketing. Si cela devait changer, un consentement explicite sera demand\u00e9 via une banni\u00e8re de cookies.<\/p>\n<p><b>3. Cookies tiers<\/b><\/p>\n<p>Notre site web peut contenir des contenus provenant de tiers, tels que Google Maps ou YouTube. Ces parties peuvent \u00e9galement placer des cookies. Nous vous invitons \u00e0 consulter leur politique de confidentialit\u00e9 et de cookies pour plus d\u2019informations.<\/p>\n<p><b>4. G\u00e9rer ou d\u00e9sactiver les cookies<\/b><\/p>\n<p>Vous pouvez g\u00e9rer ou d\u00e9sactiver les cookies via les param\u00e8tres de votre navigateur :<\/p>\n<ul>\n<li><span style=\"text-decoration: underline;\"><span style=\"color: #000000; text-decoration: underline;\"><a style=\"color: #000000; text-decoration: underline;\" href=\"https:\/\/support.google.com\/chrome\/answer\/95647?hl=nl\" target=\"_blank\" rel=\"noopener\">https:\/\/support.google.com\/chrome\/answer\/95647?hl=FR<\/a><\/span><\/span><\/li>\n<li><span style=\"text-decoration: underline;\"><span style=\"color: #000000; text-decoration: underline;\"><a style=\"color: #000000; text-decoration: underline;\" href=\"https:\/\/support.mozilla.org\/nl\/kb\/cookies-informatie-websites-op-uw-computer\" target=\"_blank\" rel=\"noopener\">https:\/\/www.firefox.com\/en-US\/privacy\/websites\/cookie-settings\/<\/a><\/span><\/span><\/li>\n<li><span style=\"text-decoration: underline;\"><span style=\"color: #000000; text-decoration: underline;\"><a style=\"color: #000000; text-decoration: underline;\" href=\"https:\/\/support.apple.com\/nl-be\/guide\/safari\/sfri11471\/mac\" target=\"_blank\" rel=\"noopener\">https:\/\/support.apple.com\/fr-fr\/guide\/safari\/sfri11471\/mac<\/a><\/span><\/span><\/li>\n<li><span style=\"text-decoration: underline;\"><span style=\"color: #000000; text-decoration: underline;\"><a style=\"color: #000000; text-decoration: underline;\" href=\"https:\/\/support.microsoft.com\/nl-nl\/help\/4027947\" target=\"_blank\" rel=\"noopener\">https:\/\/support.microsoft.com\/fr-fr\/windows\/grer-les-cookies-dans-microsoft-edge-afficher-autoriser-bloquer-supprimer-et-utiliser-168dab11-0753-043d-7c16-ede5947fc64d<\/a><br><br><\/span><\/span><\/li>\n<\/ul>\n<p><b>5. Contact<\/b><\/p>\n<p>CSG Industrie<br>Industrieweg Noord 1193, B-3660 Oudsbergen<br>+32 (0)89 30 70 76<\/p>\t\t\t\t\t\t\t\t<\/div>\n\t\t\t\t\t<\/div>\n\t\t<\/div>\n\t\t\t\t\t<\/div>\n\t\t<\/section>\n\t\t\t\t<\/div>","protected":false},"excerpt":{"rendered":"<p>COOKIE POLICY cookieyverklaring \u2013 CSGIndustrie.be 1. Wat zijn cookies? Cookies zijn kleine tekstbestanden die op uw apparaat worden geplaatst tijdens het surfen op onze website. Ze helpen ons om de website goed te laten functioneren en gebruikservaring te verbeteren. 2. Welke cookies gebruiken wij? Noodzakelijke cookiesDeze zorgen voor de basisfuncties van de site, zoals beveiliging [&hellip;]<\/p>","protected":false},"author":1,"featured_media":0,"parent":0,"menu_order":0,"comment_status":"closed","ping_status":"closed","template":"elementor_header_footer","meta":{"_acf_changed":false,"footnotes":""},"class_list":["post-990","page","type-page","status-publish","hentry"],"acf":[],"_links":{"self":[{"href":"https:\/\/csgindustrie.be\/fr\/wp-json\/wp\/v2\/pages\/990","targetHints":{"allow":["GET"]}}],"collection":[{"href":"https:\/\/csgindustrie.be\/fr\/wp-json\/wp\/v2\/pages"}],"about":[{"href":"https:\/\/csgindustrie.be\/fr\/wp-json\/wp\/v2\/types\/page"}],"author":[{"embeddable":true,"href":"https:\/\/csgindustrie.be\/fr\/wp-json\/wp\/v2\/users\/1"}],"replies":[{"embeddable":true,"href":"https:\/\/csgindustrie.be\/fr\/wp-json\/wp\/v2\/comments?post=990"}],"version-history":[{"count":13,"href":"https:\/\/csgindustrie.be\/fr\/wp-json\/wp\/v2\/pages\/990\/revisions"}],"predecessor-version":[{"id":1035,"href":"https:\/\/csgindustrie.be\/fr\/wp-json\/wp\/v2\/pages\/990\/revisions\/1035"}],"wp:attachment":[{"href":"https:\/\/csgindustrie.be\/fr\/wp-json\/wp\/v2\/media?parent=990"}],"curies":[{"name":"wp","href":"https:\/\/api.w.org\/{rel}","templated":true}]}}